{"id":4,"date":"2013-08-13T08:26:29","date_gmt":"2013-08-13T08:26:29","guid":{"rendered":"http:\/\/www.jeromejunod.ch\/wordpress\/?page_id=4"},"modified":"2026-03-09T05:23:47","modified_gmt":"2026-03-09T05:23:47","slug":"personalia","status":"publish","type":"page","link":"http:\/\/www.jeromejunod.ch\/?page_id=4","title":{"rendered":"Vita"},"content":{"rendered":"<p>geboren am 25. September 1979<\/p>\n<p>Schweizer ohne \u00f6sterreichische Staatsb\u00fcrgerschaft<\/p>\n<p>Regisseur, Dramatiker, \u00dcbersetzer, Dozent und Dramaturg<\/p>\n<p>2021-2025: <strong>Spielleiter \/ Chefdramaturg<\/strong> am <a href=\"https:\/\/schauspielhaus-salzburg.at\/\" target=\"_blank\" rel=\"noopener\">Schauspielhaus Salzburg<\/a>.<\/p>\n<p>Seit 2025 <strong>Spielleiter \/ Wissenschaftlicher Koordinator<\/strong> f\u00fcr die <a href=\"https:\/\/www.wortwiege.at\/\" target=\"_blank\" rel=\"noopener\">Wortwiege<\/a><\/p>\n<p>Ab Herbst 2026:\u00a0<strong>Studiengangleiter<\/strong> \u2013 Stage Narration, <a href=\"https:\/\/www.donau-uni.ac.at\/de\/studium\/stage-narration-erzaehlen-fuer-die-buehnen-unserer-zeit-aep.html\" target=\"_blank\" rel=\"noopener\">Donau-Universit\u00e4t Krems<\/a> und Wortwiege<\/p>\n<p style=\"text-align: center;\"><strong><br \/>\nAUSBILDUNG<\/strong><\/p>\n<p><strong>Matura Latein-Griechisch-Mathematik<\/strong>, Lausanne, 1998<\/p>\n<p><strong>Certificat sup\u00e9rieur in Klavier<\/strong>, <a title=\"Conservatoire de Lausanne\" href=\"http:\/\/www.conservatoire-lausanne.ch\/\" target=\"_blank\" rel=\"noopener noreferrer\">Conservatoire de Lausanne<\/a>, 2001<\/p>\n<p><strong>Licence \u00e8s Lettres<\/strong> (Philosophie, Geschichte, Indologie), <a title=\"UNIL\" href=\"http:\/\/unil.ch\/index.html\" target=\"_blank\" rel=\"noopener noreferrer\">Universit\u00e9 de Lausanne<\/a> \/ <a title=\"Uni Wien\" href=\"http:\/\/www.univie.ac.at\/\" target=\"_blank\" rel=\"noopener noreferrer\">Universit\u00e4t Wien<\/a>, 2003<\/p>\n<p><strong>Magister in Theaterregie<\/strong>, <a title=\"Max Reinhardt Seminar\" href=\"http:\/\/maxreinhardtseminar.at\/\" target=\"_blank\" rel=\"noopener noreferrer\">Max Reinhardt Seminar<\/a>, Wien, 2009<\/p>\n<div id=\"body_layer\">\n<div id=\"id4\">\n<div>\n<div>\n<p style=\"text-align: center;\"><strong><br \/>\nAUSZEICHNUNGEN<\/strong><\/p>\n<\/div>\n<\/div>\n<\/div>\n<div id=\"id5\">\n<div>\n<div>\n<p><strong>Marta-Award f\u00fcr beste Regie<\/strong> f\u00fcr <em>Dantons Tod<\/em>, <a title=\"Setkani\" href=\"http:\/\/www.encounter.cz\/en\/\" target=\"_blank\" rel=\"noopener noreferrer\">Setk\u00e1n\u00ed Festival<\/a>, Brno, 2009<\/p>\n<p><strong>Ensemblepreis<\/strong> f\u00fcr <em>Man muss dankbar sein<\/em>, <a title=\"SKS\" href=\"http:\/\/www.theatertreffen.com\/preistraeger2010.html\" target=\"_blank\" rel=\"noopener noreferrer\">Festival SKS<\/a>, Leipzig, 2010<\/p>\n<p><strong>Nominierung<\/strong> f\u00fcr <em>Text<\/em>, Heidelberger St\u00fcckemarkt, 2011<\/p>\n<p><strong>Dramatikerstipendium<\/strong> (12 Monate) von der <a title=\"Literar Mechana\" href=\"http:\/\/www.literar.at\/\" target=\"_blank\" rel=\"noopener noreferrer\">Literar Mechana<\/a>, 2011-2012<\/p>\n<p><strong>Schauspielerpreis<\/strong> und <strong>Jugendjury-Schauspielerpreis <\/strong>an Robert Naumann f\u00fcr <em>Titus<\/em>, <a title=\"Bayerische Theatertage\" href=\"http:\/\/bayerische-theatertage.de\/btt_blog\/\" target=\"_blank\" rel=\"noopener noreferrer\">Bayerische Theatertage<\/a>, Augsburg, 2012<\/p>\n<p><strong>Dramatikerstipendium<\/strong> des \u00f6sterreichischen Bundesministeriums f\u00fcr Kunst und Kultur, 2020<\/p>\n<p style=\"text-align: center;\"><strong><br \/>\nEINLADUNGEN<\/strong><\/p>\n<p><strong>Internationales Forum<\/strong>, <a title=\"Theatertreffen Internationales Forum\" href=\"http:\/\/archiv2.berlinerfestspiele.de\/de\/archiv\/festivals2011\/03theatertreffen11\/tt11_forum\/tt11_forum_stipendiaten\/tt11_forum_stipendiaten.php\" target=\"_blank\" rel=\"noopener noreferrer\">Berliner Theatertreffen<\/a>, 2011<\/p>\n<p><strong>Forum der jungen Autoren<\/strong>, Neue St\u00fccke aus Europa, Staatstheater Wiesbaden, 2014<\/p>\n<p>Dramatiker in Residence, <strong>Festival Hin und Weg<\/strong>, Litschau 2023<\/p>\n<\/div>\n<\/div>\n<\/div>\n<div id=\"id8\">\n<div>\n<div>\n<p style=\"text-align: center;\"><strong><br \/>\nLEHRT\u00c4TIGKEIT<\/strong><\/p>\n<\/div>\n<\/div>\n<\/div>\n<div id=\"id9\">\n<div>\n<div>\n<p><strong>Schauspiel vor der Kamera<\/strong>, <a title=\"Max Reinhardt Seminar\" href=\"http:\/\/maxreinhardtseminar.at\/\" target=\"_blank\" rel=\"noopener noreferrer\">Max Reinhardt Seminar<\/a> (Assistenz von M. Rosen, 2008-2010)<\/p>\n<p><strong>Regietheorie \/ Regiepraktika<\/strong>, <a title=\"Max Reinhardt Seminar\" href=\"http:\/\/maxreinhardtseminar.at\/\" target=\"_blank\" rel=\"noopener noreferrer\">Max Reinhardt Seminar<\/a> (2012-2019)<\/p>\n<p><strong>Regietheorie \/ Schauspielf\u00fchrung<\/strong>, Master Th\u00e9\u00e2tre, <a href=\"http:\/\/manufacture.ch\/en\" target=\"_blank\" rel=\"noopener noreferrer\">Manufacture<\/a>, Lausanne (2014-2021)<\/p>\n<p><strong>Senior Lecturer \/ Gastregisseur<\/strong>, <a href=\"http:\/\/www.kug.ac.at\/studium-weiterbildung\/studium\/studienrichtungen\/darstellende-kunst-schauspiel.html\" target=\"_blank\" rel=\"noopener noreferrer\">Kunstuniversit\u00e4t Graz<\/a> (2015)<\/p>\n<p><strong>Methodische Rollenarbeit<\/strong>, <a href=\"https:\/\/www.schauspielhaus-salzburg.at\/schauspiel-akademie\/\" target=\"_blank\" rel=\"noopener\">Schauspielakademie Salzburg<\/a> (2022-2024)<\/p>\n<p><strong>Workshop \u00fcber Bertolt Brecht<\/strong>, <a href=\"https:\/\/tmsm.pt\/programacao\/10a-edicao-escola-de-verao-para-atores-guillermo-heras-2\/\" target=\"_blank\" rel=\"noopener\">Summer Academy Guillermo Heras<\/a>, Viana do Castelo (2024)<\/p>\n<p><strong>Schauspielf\u00fchrung f\u00fcr<\/strong> <strong>Regisseur*innen<\/strong>, <a href=\"https:\/\/www.moz.ac.at\/de\/thomas-bernhard-institut\" target=\"_blank\" rel=\"noopener\">Mozarteum Salzburg<\/a> (seit 2024)<\/p>\n<p style=\"text-align: center;\"><strong><br \/>\nJURORENT\u00c4TIGKEIT<\/strong><\/p>\n<p><strong>Dramatiker*innenstipendium<\/strong>, Bundesministerium f\u00fcr Wohnen, Kunst, Kultur, Medien und Sport (2025)<\/p>\n<p><strong>Festivalul DbutantT<\/strong>, Sf\u00e2ntu Gheorghe (2025)<\/p>\n<p style=\"text-align: center;\"><strong><br \/>\nVEREINE<\/strong><\/p>\n<div id=\"id7\">\n<div>\n<div>\n<p>Les D\u00e9biteurs, Genf \/ Lausanne<\/p>\n<p>Gesellschaft f\u00fcr Musische Unterhaltung, Wien<\/p>\n<p style=\"text-align: center;\"><a href=\"http:\/\/www.jeromejunod.ch\/wordpress\/wp-content\/uploads\/2022\/11\/672A0991_web.jpg\"><img loading=\"lazy\" decoding=\"async\" class=\"alignnone size-medium wp-image-2469\" src=\"http:\/\/www.jeromejunod.ch\/wordpress\/wp-content\/uploads\/2022\/11\/672A0991_web-200x300.jpg\" alt=\"\" width=\"200\" height=\"300\" srcset=\"http:\/\/www.jeromejunod.ch\/wordpress\/wp-content\/uploads\/2022\/11\/672A0991_web-200x300.jpg 200w, http:\/\/www.jeromejunod.ch\/wordpress\/wp-content\/uploads\/2022\/11\/672A0991_web-683x1024.jpg 683w, http:\/\/www.jeromejunod.ch\/wordpress\/wp-content\/uploads\/2022\/11\/672A0991_web-768x1152.jpg 768w, http:\/\/www.jeromejunod.ch\/wordpress\/wp-content\/uploads\/2022\/11\/672A0991_web.jpg 1000w\" sizes=\"auto, (max-width: 200px) 100vw, 200px\" \/><\/a><\/p>\n<\/div>\n<\/div>\n<\/div>\n<\/div>\n<\/div>\n<\/div>\n<\/div>\n","protected":false},"excerpt":{"rendered":"<p>geboren am 25. September 1979 Schweizer ohne \u00f6sterreichische Staatsb\u00fcrgerschaft Regisseur, Dramatiker, \u00dcbersetzer, Dozent und Dramaturg 2021-2025: Spielleiter \/ Chefdramaturg am Schauspielhaus Salzburg. Seit 2025 Spielleiter \/ Wissenschaftlicher Koordinator f\u00fcr die Wortwiege Ab Herbst 2026:\u00a0Studiengangleiter \u2013 Stage Narration, Donau-Universit\u00e4t Krems und Wortwiege AUSBILDUNG Matura Latein-Griechisch-Mathematik, Lausanne, 1998 Certificat sup\u00e9rieur in Klavier, Conservatoire de Lausanne, 2001 Licence [&hellip;]<\/p>\n","protected":false},"author":1,"featured_media":0,"parent":0,"menu_order":2,"comment_status":"closed","ping_status":"closed","template":"","meta":{"footnotes":""},"class_list":["post-4","page","type-page","status-publish","hentry"],"_links":{"self":[{"href":"http:\/\/www.jeromejunod.ch\/index.php?rest_route=\/wp\/v2\/pages\/4","targetHints":{"allow":["GET"]}}],"collection":[{"href":"http:\/\/www.jeromejunod.ch\/index.php?rest_route=\/wp\/v2\/pages"}],"about":[{"href":"http:\/\/www.jeromejunod.ch\/index.php?rest_route=\/wp\/v2\/types\/page"}],"author":[{"embeddable":true,"href":"http:\/\/www.jeromejunod.ch\/index.php?rest_route=\/wp\/v2\/users\/1"}],"replies":[{"embeddable":true,"href":"http:\/\/www.jeromejunod.ch\/index.php?rest_route=%2Fwp%2Fv2%2Fcomments&post=4"}],"version-history":[{"count":69,"href":"http:\/\/www.jeromejunod.ch\/index.php?rest_route=\/wp\/v2\/pages\/4\/revisions"}],"predecessor-version":[{"id":3123,"href":"http:\/\/www.jeromejunod.ch\/index.php?rest_route=\/wp\/v2\/pages\/4\/revisions\/3123"}],"wp:attachment":[{"href":"http:\/\/www.jeromejunod.ch\/index.php?rest_route=%2Fwp%2Fv2%2Fmedia&parent=4"}],"curies":[{"name":"wp","href":"https:\/\/api.w.org\/{rel}","templated":true}]}}