{"id":3086,"date":"2026-02-28T12:23:47","date_gmt":"2026-02-28T12:23:47","guid":{"rendered":"http:\/\/www.jeromejunod.ch\/?page_id=3086"},"modified":"2026-03-10T08:46:19","modified_gmt":"2026-03-10T08:46:19","slug":"stage-narration","status":"publish","type":"page","link":"http:\/\/www.jeromejunod.ch\/?page_id=3086","title":{"rendered":"Stage Narration"},"content":{"rendered":"\n<figure class=\"wp-block-image size-large\"><a href=\"http:\/\/www.jeromejunod.ch\/wordpress\/wp-content\/uploads\/2026\/02\/Stage-Narration-Sujetbild.jpeg\"><img loading=\"lazy\" decoding=\"async\" width=\"1024\" height=\"683\" src=\"http:\/\/www.jeromejunod.ch\/wordpress\/wp-content\/uploads\/2026\/02\/Stage-Narration-Sujetbild-1024x683.jpeg\" alt=\"\" class=\"wp-image-3087\" srcset=\"http:\/\/www.jeromejunod.ch\/wordpress\/wp-content\/uploads\/2026\/02\/Stage-Narration-Sujetbild-1024x683.jpeg 1024w, http:\/\/www.jeromejunod.ch\/wordpress\/wp-content\/uploads\/2026\/02\/Stage-Narration-Sujetbild-300x200.jpeg 300w, http:\/\/www.jeromejunod.ch\/wordpress\/wp-content\/uploads\/2026\/02\/Stage-Narration-Sujetbild-768x512.jpeg 768w, http:\/\/www.jeromejunod.ch\/wordpress\/wp-content\/uploads\/2026\/02\/Stage-Narration-Sujetbild-1536x1024.jpeg 1536w, http:\/\/www.jeromejunod.ch\/wordpress\/wp-content\/uploads\/2026\/02\/Stage-Narration-Sujetbild-1320x880.jpeg 1320w, http:\/\/www.jeromejunod.ch\/wordpress\/wp-content\/uploads\/2026\/02\/Stage-Narration-Sujetbild.jpeg 1920w\" sizes=\"auto, (max-width: 1024px) 100vw, 1024px\" \/><\/a><\/figure>\n\n\n\n<p><br>Beginnend im Herbst 2026 kommt der berufsbegleitende Studiengang <em><strong>Stage Narration \u2013 Erz\u00e4hlen f\u00fcr die B\u00fchnen von morgen<\/strong><\/em> an der <a href=\"https:\/\/www.donau-uni.ac.at\/de\/studium\/stage-narration-fundamentals-aep.html\">Universit\u00e4t f\u00fcr Weiterbildung \/ Donau-Universit\u00e4t in Krems<\/a>, in Zusammenarbeit mit dem Wortwiege Festival in Wiener Neustadt. Ich \u00fcbernehme die Leitung des Studiengangs und habe somit die M\u00f6glichkeit, mit vielen Expert*innen aus den unterschiedlichsten Bereichen im Austausch zu sein. Hier einige Fragen und Antworten dazu&#8230;<br><br><strong>Was ist <em>Stage Narration<\/em>?<\/strong><\/p>\n\n\n\n<p>Geschichten, Narrative, Storytelling: \u00fcberall begegnen wir ihnen, in der Politik, in der Kunst, in der Unterhaltung, in der Werbung, in jeder Form von Kommunikation. Botschaften und Positionen aller Art k\u00f6nnen durch sie emotional transportiert werden und weite Gruppen erreichen und beeinflussen. Auf der B\u00fchne und besonders in der Kunstform Theater werden Geschichten \u00fcber Text, Raum, Licht, Kost\u00fcm, Musik, Sprache und K\u00f6rper erz\u00e4hlt \u2013 die Live-Erz\u00e4hlung ist ein multimediales Ereignis, das zwangsl\u00e4ufig unterschiedliche Figuren und Perspektiven aufeinanderprallen l\u00e4sst. <em>Stage Narration<\/em> steht f\u00fcr jede Form von leibhaftiger Erz\u00e4hlung, die Menschen in Auseinandersetzung miteinander zeigt. \u00dcber die klassische dramatisch-theatrale Form hinaus erm\u00f6glicht sie eine Vermittlung, die sich nicht auf den logisch-intellektuellen Bereich beschr\u00e4nkt, sondern alle Kommunikationsebenen mitspielen l\u00e4sst und die Erzeugung von Emotion im Fokus hat.<em>Stage Narration <\/em>n\u00fctzt und vermittelt das jahrtausendealte Wissen und K\u00f6nnen des Theaters f\u00fcr jene Felder der Gegenwart und Zukunft, die von der glaubw\u00fcrdigen und \u00fcberzeugenden Erz\u00e4hlung von Geschichten, Narrativen und Strategien abh\u00e4ngen und \u00f6ffnet somit gleicherma\u00dfen den Blick f\u00fcr die allgegenw\u00e4rtige Manipulation der medialen Abbildung.<\/p>\n\n\n\n<p><strong>Warum wird die Ausbildung angeboten?<\/strong><\/p>\n\n\n\n<p>Die Lehrg\u00e4nge <em>Stage Narration \u2013 Erz\u00e4hlen f\u00fcr die B\u00fchnen von morgen<\/em> (MA) und <em>Stage Narration \u2013 Fundamentals<\/em> (AEP) zielen darauf, theatrale Sichtweise und wissenschaftlich-gesellschaftlichen Zugang zusammenzubringen. Einerseits wird ein solides erz\u00e4hlerisches Handwerk vermittelt mit Schwerpunkt auf die unterschiedlichen &#8220;Sprachen&#8221;, welche die lebendige, verk\u00f6rperte Live-Erz\u00e4hlung beinhaltet. Andererseits wird untersucht, wie das professionelle Erz\u00e4hlen f\u00fcr und auf B\u00fchnen f\u00fcr nicht-theatrale Felder wie z.B. Ausstellungsentwicklung, Spieleforschung oder Journalismus fruchtbar gemacht werden kann. W\u00e4hrend K\u00fcnstler*innen eine Erweiterung ihres T\u00e4tigkeitsfeldes finden, k\u00f6nnen Wissenschaftler*innen und gesellschaftlich engagierte Menschen neue Wege der Erforschung, Erfassung und Pr\u00e4sentation ihrer Fragen und Anliegen beschreiten.<\/p>\n\n\n\n<p><strong>Welche sind die Studieninhalte?<\/strong><\/p>\n\n\n\n<p>Der Unterricht des Studiengangs <em>Stage Narration \u2013 Fundamentals <\/em>(Akad. Expert) wird in unterschiedlichen Modulen unterteilt, die folgende Bereiche abdecken:<\/p>\n\n\n\n<p>\u2013 Theorie der Narration<\/p>\n\n\n\n<p>\u2013 Erz\u00e4hlstrukturen<\/p>\n\n\n\n<p>\u2013 Technik des szenischen Erz\u00e4hlens<\/p>\n\n\n\n<p>\u2013 Analyse von Erz\u00e4hlungen (Texte sowie \u00f6ffentliche Auftritte und Ereignisse)<\/p>\n\n\n\n<p>\u2013 Erz\u00e4hl\u00fcbungen (schriftlich und auf der B\u00fchne)<\/p>\n\n\n\n<p>\u2013 Anwendung von Narration f\u00fcr nicht-theatrale Felder mit \u00d6ffentlichkeitsbezug (Spieleforschung, Ausstellungsentwicklung, Journalismus&#8230;)<\/p>\n\n\n\n<p>Der Unterricht beinhaltet Theorie, Impulsreferate namhafter Expert*innen, \u00dcbungen, Exkursionen, Eigenarbeit und eine (theoretische oder praktische) Abschlussarbeit.<\/p>\n\n\n\n<p>F\u00fcr den Masterstudiengang <em>Stage Narration \u2013 Erz\u00e4hlen f\u00fcr die B\u00fchnen von morgen<\/em> kommen zus\u00e4tzlich wissenschaftliche Unterrichtsmodule dazu. Es ist m\u00f6glich, sich f\u00fcr die <em>Fundamentals<\/em> einzuschreiben und sich nachtr\u00e4glich f\u00fcr den Master-Studiengang zu entscheiden.<\/p>\n\n\n\n<p><strong>An wen richtet sich das Studium?<\/strong><\/p>\n\n\n\n<p>Das Studium ist offen f\u00fcr Menschen mit Studienabschluss (Bachelor) oder entsprechender Berufserfahrung. F\u00fcr das Masterstudium sind Abschluss und Berufserfahrung eine Voraussetzung. Die Studienleitung sucht explizit nach einer m\u00f6glichst diversen Gruppe von Studierenden aus unterschiedlichen Bereichen:<\/p>\n\n\n\n<p>\u2013 Darstellende K\u00fcnstler*innen (sowohl Regie f\u00fchrend als spielend)<\/p>\n\n\n\n<p>\u2013 Schreibende Menschen (Theater, Film, Journalismus, Sprachkunst, Literaturwissenschaft&#8230;)<\/p>\n\n\n\n<p>\u2013 Theoretiker*innen mit Interesse an Vermittlung in Live-Formaten (Philosophie, Soziologie, Theologie, Politikwissenschaft, Geschichte, Ethnologie, Anthropologie, Medienwissenschaft, Rechtswissenschaft&#8230;)<\/p>\n\n\n\n<p>\u2013 Spezialist*innen der menschlichen Interaktion (Kommunikationswissenschaft, Psychologie, Marketing, Management&#8230;)<\/p>\n\n\n\n<p>Grunds\u00e4tzlich sind Menschen erw\u00fcnscht, die Interesse an Menschen und Geschichten haben, die die Welt erforschen und greifbar machen wollen und die Pr\u00e4senz, Offenheit und Neugier mitbringen \u2013 und bereit sind, ihre Inhalte selber zu vermitteln. Grundvoraussetzungen sind Respekt im Umgang miteinander und Mut zum Ausprobieren neuer Wege.<\/p>\n\n\n\n<p><strong>Handelt es sich um eine Schreibklasse?<\/strong><\/p>\n\n\n\n<p>Der Aspekt des Schreibens spielt eine wichtige Rolle im Studium und wird durch die Einladung namhafter europ\u00e4ischer Dramatiker*innen unterst\u00fctzt. Zugleich wird die <em>Stage Narration<\/em> in all ihren Formen untersucht, also auch K\u00f6rpersprache, performative Dimension, Konzeption von Pr\u00e4sentationen, Veranstaltungen oder Games&#8230; Je nach Interesse und Ziele wird also an einer eigenen &#8220;Erz\u00e4hlsprache&#8221; gearbeitet, in der das konkrete Schreiben unterschiedliche Rollen spielen kann (Drama, Szenario, Skript, Analyse&#8230;). Austausch in der \u2013 bewusst heterogenen \u2013 Jahrgangsgruppe wird explizit gef\u00f6rdert und gew\u00fcnscht.<\/p>\n\n\n\n<p><strong>Wie ist die Verbindung mit der Theaterszene?<\/strong><\/p>\n\n\n\n<p>Einerseits ist der Lehrgang eine Koproduktion mit dem Theaterfestival Wortwiege in Wiener Neustadt, das eigene Expertise in darstellender Kunst und akademischer Lehre mitbringt. Mit ihm zusammen finden die praktisch-szenischen \u00dcbungen und ein Eintauchen in konkrete Theaterarbeit statt. Dar\u00fcber hinaus sind Exkursionen und Austausch mit unterschiedlichen Nieder\u00f6sterreichischen und Wiener Theatern geplant, und somit die M\u00f6glichkeit pers\u00f6nlicher Kontakte gegeben. Au\u00dferdem sind die f\u00fchrenden \u00f6sterreichischen Theaterverlage bereit, spielbare Textergebnisse f\u00fcr eine \u00dcbernahme in ihren Katalog zu \u00fcberpr\u00fcfen.<\/p>\n\n\n\n<p><strong>Wer sind die Unterrichtenden?<\/strong><\/p>\n\n\n\n<p>F\u00fcr die Studiengangleitung sind MMag. J\u00e9r\u00f4me Junod (Regisseur, Dramatiker und Theaterdozent) und Dr. Robert Neiser (UWK, wissenschaftliches Arbeiten) zust\u00e4ndig. F\u00fcr die Einzelthemen und -schwerpunkte (K\u00f6rpersprache, B\u00fchnenr\u00e4ume, Ausstellungsentwicklung, Spieletheorie&#8230;) werden Expert*innen aus den jeweiligen Bereichen dazu gezogen, dazu werden namhafte deutschsprachige und europ\u00e4ische Schauspieler*innen, Regisseur*innen und Dramatiker*innen eingeladen, \u00fcber ihre Praxis und ihren eigenen Erz\u00e4hlzugang zu referieren.<\/p>\n\n\n\n<p><strong>Wie lange dauert das Studium?<\/strong><\/p>\n\n\n\n<p>Das Studium ist auf vier (<em>Fundamentals<\/em>) bzw. f\u00fcnf (<em>Erz\u00e4hlen f\u00fcr die B\u00fchnen von morgen<\/em>) Semester angelegt, mit einer Abschlussarbeit. Eine Verl\u00e4ngerung von einem Semester ist m\u00f6glich.<\/p>\n\n\n\n<p><strong>Welchen Titel erh\u00e4lt man mit Abschluss des Studiums?<\/strong><\/p>\n\n\n\n<p>Der Studiengang <em>Stage Narration \u2013 Fundamentals<\/em>, mit einer Summe von 60 ECTS-Punkte, verleiht den Titel Akademischer Expert (AE).<\/p>\n\n\n\n<p>Der Masterstudiengang <em>Stange Narration \u2013 Erz\u00e4hlen f\u00fcr die B\u00fchnen von morgen<\/em>, mit einer Summe von 90 ECST-Punkte, verleiht den Titel MA.<\/p>\n\n\n\n<p><strong>Wieviel kostet das Studium?<\/strong><\/p>\n\n\n\n<p>Das <em>Fundamentals<\/em>-Programm (Akad. Exp.) kostet EUR 8.000,-, das Master-Programm EUR 10.000,-.<\/p>\n\n\n\n<p><strong>Gibt es eine M\u00f6glichkeit, ein Stipendium zu bekommen?<\/strong><\/p>\n\n\n\n<p>Ja. Pro Jahrgang gibt es zwei Stipendien, die eine Teilnahme zum halben Preis erm\u00f6glichen. Diese werden nach sozialen Kriterien verliehen, um Menschen das Studium zu erm\u00f6glichen, die es sich sonst schwer leisten k\u00f6nnten. Ansuchen nach einem Stipendium werden gleichzeitig mit der Bewerbung geschickt, das Erhalten eines Stipendiums wird mit der Best\u00e4tigung der Teilnahme mitgeteilt.<\/p>\n\n\n\n<p><strong>Ist das Studium kompatibel mit einer beruflichen T\u00e4tigkeit?<\/strong><\/p>\n\n\n\n<p>Ja, die Universit\u00e4t f\u00fcr Weiterbildung Krems (UWK) ist darin spezialisiert. Die Unterrichte finden deswegen meistens abends und wochenends statt (im Durchschnitt einmal im Monat). Falls ein Unterricht nicht besucht werden kann, wird mit den Lehrkr\u00e4ften nach einer M\u00f6glichkeit f\u00fcr den Abschluss des Moduls (meistens durch Eigenarbeit) gesucht.<\/p>\n\n\n\n<p><strong>Wie viele Studienpl\u00e4tze gibt es?<\/strong><\/p>\n\n\n\n<p>Vorgesehen sind 9 bis 15 Studienpl\u00e4tze, damit individuelle Betreuung auf hohem Niveau m\u00f6glich ist.<\/p>\n\n\n\n<p><strong>Wo findet der Unterricht statt?<\/strong><\/p>\n\n\n\n<p>Zentraler Ort des Unterrichts ist die Universit\u00e4t f\u00fcr Weiterbildung im malerischen Krems an der Donau (Nieder\u00f6sterreich). Einige Unterrichte finden in Wiener Neustadt statt, z.B. im Rahmen des Wortwiege Festivals in den historischen Kasematten Wiener Neustadts. Au\u00dferdem werden Exkursionen in Wien und in Nieder\u00f6sterreich angeboten.<\/p>\n\n\n\n<p><strong>Gibt es Pr\u00fcfungen?<\/strong><\/p>\n\n\n\n<p>Durch die kleine Anzahl an Studierenden wird zentral auf die aktive Teilnahme und Diskussion innerhalb der Gruppe gesetzt, sowie Einzelarbeiten in Verbindung mit den Unterrichtsinhalten. &#8220;Klassische&#8221; Pr\u00fcfungen sind somit die Ausnahme.<\/p>\n\n\n\n<p><strong>Wann beginnt der Unterricht?<\/strong><\/p>\n\n\n\n<p>Der erste Jahrgang beginnt im September 2026, das Programm l\u00e4uft \u00fcber vier Semester bis Juni 2028 (Dezember 2028 f\u00fcr das Master-Programm).<\/p>\n\n\n\n<p><strong>Wie oft findet der Unterricht statt?<\/strong><\/p>\n\n\n\n<p>Der Unterricht findet meistens in dreit\u00e4gigen Bl\u00f6cken (vom Freitagabend bis zum Sonntagfr\u00fchnachmittag) statt, ca. einmal im Monat statt, von September bis Juni.<\/p>\n\n\n\n<p><strong>Gibt es eine Aufnahmepr\u00fcfung?<\/strong><\/p>\n\n\n\n<p>Interessierte schicken eine Bewerbung mit folgenden Unterlagen:<\/p>\n\n\n\n<p>\u2013 Vita mit bisherigen Berufserfahrungen und Studienabschl\u00fcssen<\/p>\n\n\n\n<p>\u2013 Darstellung des Interesses an das Studium (max. 1 Seite)<\/p>\n\n\n\n<p>\u2013 Ein kurzer Text aus dem Bereich <em>Stage Narration<\/em>. Es kann sich um folgendes handeln:<\/p>\n\n\n\n<p>&nbsp;&nbsp;&nbsp;&nbsp;&nbsp;&nbsp;&nbsp;&nbsp;&nbsp;&nbsp;&nbsp;&nbsp;&nbsp;&nbsp;&nbsp;&nbsp;&nbsp; \u2013 Dramatische Szene<\/p>\n\n\n\n<p>&nbsp;&nbsp;&nbsp;&nbsp;&nbsp;&nbsp;&nbsp;&nbsp;&nbsp;&nbsp;&nbsp;&nbsp;&nbsp;&nbsp;&nbsp;&nbsp;&nbsp; \u2013 Szenario f\u00fcr eine Veranstaltung, die Menschen in einer <em>Live-<\/em>Situation involviert (Event, Pr\u00e4sentation, Workshop, <em>escape game<\/em>&#8230;)<\/p>\n\n\n\n<p>Bewerber*innen werden infolgedessen zu einem Kennenlerngespr\u00e4ch eingeladen. Falls die Anzahl der geeigneten Bewerber*innen die H\u00f6chstzahl von 15 Teilnehmer*innen \u00fcbersteigt wird im Sinne der gr\u00f6\u00dferen Diversit\u00e4t in der Studierendengruppe ausgew\u00e4hlt.<\/p>\n\n\n\n<p><strong>Bis wann und wie kann man sich anmelden?<\/strong><\/p>\n\n\n\n<p>Die Bewerbungsfrist f\u00fcr den ersten Jahrgang l\u00e4uft bis 30. Mai 2026.<\/p>\n\n\n\n<p><br>Weitere Informationen <strong><a href=\"https:\/\/www.donau-uni.ac.at\/de\/studium\/stage-narration-erzaehlen-fuer-die-buehnen-unserer-zeit-aep.html\">hier<\/a><\/strong>.<\/p>\n\n\n\n<p><\/p>\n","protected":false},"excerpt":{"rendered":"<p>Beginnend im Herbst 2026 kommt der berufsbegleitende Studiengang Stage Narration \u2013 Erz\u00e4hlen f\u00fcr die B\u00fchnen von morgen an der Universit\u00e4t f\u00fcr Weiterbildung \/ Donau-Universit\u00e4t in Krems, in Zusammenarbeit mit dem Wortwiege Festival in Wiener Neustadt. Ich \u00fcbernehme die Leitung des Studiengangs und habe somit die M\u00f6glichkeit, mit vielen Expert*innen aus den unterschiedlichsten Bereichen im Austausch [&hellip;]<\/p>\n","protected":false},"author":1,"featured_media":0,"parent":0,"menu_order":0,"comment_status":"closed","ping_status":"closed","template":"","meta":{"footnotes":""},"class_list":["post-3086","page","type-page","status-publish","hentry"],"_links":{"self":[{"href":"http:\/\/www.jeromejunod.ch\/index.php?rest_route=\/wp\/v2\/pages\/3086","targetHints":{"allow":["GET"]}}],"collection":[{"href":"http:\/\/www.jeromejunod.ch\/index.php?rest_route=\/wp\/v2\/pages"}],"about":[{"href":"http:\/\/www.jeromejunod.ch\/index.php?rest_route=\/wp\/v2\/types\/page"}],"author":[{"embeddable":true,"href":"http:\/\/www.jeromejunod.ch\/index.php?rest_route=\/wp\/v2\/users\/1"}],"replies":[{"embeddable":true,"href":"http:\/\/www.jeromejunod.ch\/index.php?rest_route=%2Fwp%2Fv2%2Fcomments&post=3086"}],"version-history":[{"count":4,"href":"http:\/\/www.jeromejunod.ch\/index.php?rest_route=\/wp\/v2\/pages\/3086\/revisions"}],"predecessor-version":[{"id":3130,"href":"http:\/\/www.jeromejunod.ch\/index.php?rest_route=\/wp\/v2\/pages\/3086\/revisions\/3130"}],"wp:attachment":[{"href":"http:\/\/www.jeromejunod.ch\/index.php?rest_route=%2Fwp%2Fv2%2Fmedia&parent=3086"}],"curies":[{"name":"wp","href":"https:\/\/api.w.org\/{rel}","templated":true}]}}