{"id":242,"date":"2013-09-28T19:15:48","date_gmt":"2013-09-28T19:15:48","guid":{"rendered":"http:\/\/www.jeromejunod.ch\/?page_id=242"},"modified":"2021-09-19T18:07:22","modified_gmt":"2021-09-19T18:07:22","slug":"postdemokratische-variationen","status":"publish","type":"page","link":"http:\/\/www.jeromejunod.ch\/?page_id=242","title":{"rendered":"Postdemokratische Variationen"},"content":{"rendered":"<p>von J\u00e9r\u00f4me Junod<\/p>\n<p><em>Mit<\/em>: Petra STADUAN<br \/>\nDoina WEBER<br \/>\nMartin SCHWANDA<br \/>\nRobert FINSTER \/ J\u00e9r\u00f4me JUNOD<\/p>\n<p><em>Raum und Kost\u00fcme<\/em>: Lydia HOFMANN<\/p>\n<p>Premiere: 13. Februar 2013, Salon5, Wien<\/p>\n<p>Wiederaufnahme im September 2013<\/p>\n<p><a title=\"Trailer Postdemokratische Variationen\" href=\"http:\/\/vimeo.com\/72822336\" target=\"_blank\" rel=\"noopener\">Trailer<\/a><\/p>\n<p>&nbsp;<\/p>\n<p><a href=\"http:\/\/www.jeromejunod.ch\/wordpress\/wp-content\/uploads\/2013\/09\/DSC_0555.jpg\"><img loading=\"lazy\" decoding=\"async\" class=\"alignnone wp-image-679 size-large\" src=\"http:\/\/www.jeromejunod.ch\/wordpress\/wp-content\/uploads\/2013\/09\/DSC_0555-1024x683.jpg\" alt=\"DSC_0555\" width=\"604\" height=\"403\" srcset=\"http:\/\/www.jeromejunod.ch\/wordpress\/wp-content\/uploads\/2013\/09\/DSC_0555-1024x683.jpg 1024w, http:\/\/www.jeromejunod.ch\/wordpress\/wp-content\/uploads\/2013\/09\/DSC_0555-300x200.jpg 300w\" sizes=\"auto, (max-width: 604px) 100vw, 604px\" \/><\/a><\/p>\n<p style=\"text-align: right;\"><a href=\"http:\/\/www.jeromejunod.ch\/wordpress\/wp-content\/uploads\/2013\/09\/DSC_0384.jpg\"><img loading=\"lazy\" decoding=\"async\" class=\"alignnone wp-image-681 size-large\" src=\"http:\/\/www.jeromejunod.ch\/wordpress\/wp-content\/uploads\/2013\/09\/DSC_0384-1024x683.jpg\" alt=\"DSC_0384\" width=\"604\" height=\"403\" srcset=\"http:\/\/www.jeromejunod.ch\/wordpress\/wp-content\/uploads\/2013\/09\/DSC_0384-1024x683.jpg 1024w, http:\/\/www.jeromejunod.ch\/wordpress\/wp-content\/uploads\/2013\/09\/DSC_0384-300x200.jpg 300w\" sizes=\"auto, (max-width: 604px) 100vw, 604px\" \/><\/a><\/p>\n<p style=\"text-align: right;\"><a href=\"http:\/\/www.jeromejunod.ch\/wordpress\/wp-content\/uploads\/2013\/09\/DSC_0647.jpg\"><img loading=\"lazy\" decoding=\"async\" class=\"alignnone wp-image-678 size-large\" src=\"http:\/\/www.jeromejunod.ch\/wordpress\/wp-content\/uploads\/2013\/09\/DSC_0647-1024x683.jpg\" alt=\"DSC_0647\" width=\"604\" height=\"403\" srcset=\"http:\/\/www.jeromejunod.ch\/wordpress\/wp-content\/uploads\/2013\/09\/DSC_0647-1024x683.jpg 1024w, http:\/\/www.jeromejunod.ch\/wordpress\/wp-content\/uploads\/2013\/09\/DSC_0647-300x200.jpg 300w\" sizes=\"auto, (max-width: 604px) 100vw, 604px\" \/><\/a><\/p>\n<p style=\"text-align: right;\"><a href=\"http:\/\/www.jeromejunod.ch\/wordpress\/wp-content\/uploads\/2013\/09\/DSC_0461.jpg\"><img loading=\"lazy\" decoding=\"async\" class=\"alignnone wp-image-680 size-large\" src=\"http:\/\/www.jeromejunod.ch\/wordpress\/wp-content\/uploads\/2013\/09\/DSC_0461-1024x683.jpg\" alt=\"DSC_0461\" width=\"604\" height=\"403\" srcset=\"http:\/\/www.jeromejunod.ch\/wordpress\/wp-content\/uploads\/2013\/09\/DSC_0461-1024x683.jpg 1024w, http:\/\/www.jeromejunod.ch\/wordpress\/wp-content\/uploads\/2013\/09\/DSC_0461-300x200.jpg 300w\" sizes=\"auto, (max-width: 604px) 100vw, 604px\" \/><\/a><br \/>\n(Fotos Christian Mair)<\/p>\n<p>&nbsp;<\/p>\n<p>&nbsp;<\/p>\n<p>&nbsp;<\/p>\n","protected":false},"excerpt":{"rendered":"<p>von J\u00e9r\u00f4me Junod Mit: Petra STADUAN Doina WEBER Martin SCHWANDA Robert FINSTER \/ J\u00e9r\u00f4me JUNOD Raum und Kost\u00fcme: Lydia HOFMANN Premiere: 13. Februar 2013, Salon5, Wien Wiederaufnahme im September 2013 Trailer &nbsp; (Fotos Christian Mair) &nbsp; &nbsp; &nbsp;<\/p>\n","protected":false},"author":1,"featured_media":0,"parent":2,"menu_order":32,"comment_status":"closed","ping_status":"closed","template":"","meta":{"footnotes":""},"class_list":["post-242","page","type-page","status-publish","hentry"],"_links":{"self":[{"href":"http:\/\/www.jeromejunod.ch\/index.php?rest_route=\/wp\/v2\/pages\/242","targetHints":{"allow":["GET"]}}],"collection":[{"href":"http:\/\/www.jeromejunod.ch\/index.php?rest_route=\/wp\/v2\/pages"}],"about":[{"href":"http:\/\/www.jeromejunod.ch\/index.php?rest_route=\/wp\/v2\/types\/page"}],"author":[{"embeddable":true,"href":"http:\/\/www.jeromejunod.ch\/index.php?rest_route=\/wp\/v2\/users\/1"}],"replies":[{"embeddable":true,"href":"http:\/\/www.jeromejunod.ch\/index.php?rest_route=%2Fwp%2Fv2%2Fcomments&post=242"}],"version-history":[{"count":15,"href":"http:\/\/www.jeromejunod.ch\/index.php?rest_route=\/wp\/v2\/pages\/242\/revisions"}],"predecessor-version":[{"id":2110,"href":"http:\/\/www.jeromejunod.ch\/index.php?rest_route=\/wp\/v2\/pages\/242\/revisions\/2110"}],"up":[{"embeddable":true,"href":"http:\/\/www.jeromejunod.ch\/index.php?rest_route=\/wp\/v2\/pages\/2"}],"wp:attachment":[{"href":"http:\/\/www.jeromejunod.ch\/index.php?rest_route=%2Fwp%2Fv2%2Fmedia&parent=242"}],"curies":[{"name":"wp","href":"https:\/\/api.w.org\/{rel}","templated":true}]}}