{"id":2118,"date":"2021-09-19T18:14:13","date_gmt":"2021-09-19T18:14:13","guid":{"rendered":"http:\/\/www.jeromejunod.ch\/?page_id=2118"},"modified":"2021-09-19T18:15:38","modified_gmt":"2021-09-19T18:15:38","slug":"dantons-tod-2","status":"publish","type":"page","link":"http:\/\/www.jeromejunod.ch\/?page_id=2118","title":{"rendered":"Dantons Tod"},"content":{"rendered":"\n<p id=\"block-0ceace43-92ef-4c66-a3d5-8b876ab89dde\">von Georg B\u00fcchner<\/p>\n\n\n\n<p id=\"block-41b3749d-9679-44bd-a1f8-eee4b77e4303\"><em>Julie \/ Danton<\/em> : Nina C. GABRIEL<br><em>Marion \/ Saint-Just<\/em> :Judith RICHTER<br><em>Lucile \/ Camille <\/em>: Petra STADUAN<br><em>Robespierre<\/em> : Isabella WOLF<\/p>\n\n\n\n<p id=\"block-b7f0907d-db09-4183-b92c-8f98b28c439e\"><em>Ko-Regie&nbsp;mit<\/em> Anna Maria KRASSNIGG<br><br><em>Raum<\/em> :&nbsp;Andreas LUNGENSCHMID<br><em>Kost\u00fcm<\/em> :&nbsp;Antoaneta STEREVA<br><em>Musik<\/em> :&nbsp;Christian MAIR<br><em>Lichtdesign<\/em> : Lukas KALTENB\u00c4CK<br><em>Maske<\/em> : Henriette ZW\u00d6LFER<br><em>B\u00fchnenmeister<\/em> : Christoph W\u00d6FLINGSEDER<br><em>Dramaturgie<\/em>: Marie-Therese HANDLE-PFEIFFER<\/p>\n\n\n\n<p id=\"block-30a7f683-4064-4cb7-87fc-67d3f0e4b324\">Premiere am 17. September 2021, Kasematten Wiener Neustadt (AT)<br><\/p>\n\n\n\n<figure class=\"wp-block-image\" id=\"block-1e9b8eab-73a0-4f37-8aaa-604c6104aac8\"><img decoding=\"async\" src=\"http:\/\/www.jeromejunod.ch\/wordpress\/wp-content\/uploads\/2021\/09\/Dantons-Tod-672A6256-c-Andrea-Klem-1-1024x683-1.jpeg\" alt=\"This image has an empty alt attribute; its file name is Dantons-Tod-672A6256-c-Andrea-Klem-1-1024x683-1.jpeg\"\/><\/figure>\n\n\n\n<figure class=\"wp-block-image\" id=\"block-82ba696f-66d5-47fa-9341-94ef7f3dcc48\"><img decoding=\"async\" src=\"http:\/\/www.jeromejunod.ch\/wordpress\/wp-content\/uploads\/2021\/09\/Dantons-Tod-672A6756-c-Andrea-Klem-1-1024x683-1.jpeg\" alt=\"This image has an empty alt attribute; its file name is Dantons-Tod-672A6756-c-Andrea-Klem-1-1024x683-1.jpeg\"\/><\/figure>\n\n\n\n<figure class=\"wp-block-image\" id=\"block-a2e8ff9e-bb1f-4506-8fdd-85b735cd9976\"><img decoding=\"async\" src=\"http:\/\/www.jeromejunod.ch\/wordpress\/wp-content\/uploads\/2021\/09\/Dantons-Tod-672A6708-c-Andrea-Klem-1-1024x683-1.jpeg\" alt=\"This image has an empty alt attribute; its file name is Dantons-Tod-672A6708-c-Andrea-Klem-1-1024x683-1.jpeg\"\/><\/figure>\n\n\n\n<figure class=\"wp-block-image\" id=\"block-20f14d06-21b7-40c8-9634-e40d8816657a\"><img decoding=\"async\" src=\"http:\/\/www.jeromejunod.ch\/wordpress\/wp-content\/uploads\/2021\/09\/Dantons-Tod-60-c-Ludwig-Drahosch-1024x722-1.jpeg\" alt=\"This image has an empty alt attribute; its file name is Dantons-Tod-60-c-Ludwig-Drahosch-1024x722-1.jpeg\"\/><\/figure>\n\n\n\n<figure class=\"wp-block-image\" id=\"block-dfb67fa4-3aa3-45ad-9fed-c315fa5a8104\"><img decoding=\"async\" src=\"http:\/\/www.jeromejunod.ch\/wordpress\/wp-content\/uploads\/2021\/09\/Dantons-Tod-672A6448-c-Andrea-Klem-1-1024x683-1.jpeg\" alt=\"This image has an empty alt attribute; its file name is Dantons-Tod-672A6448-c-Andrea-Klem-1-1024x683-1.jpeg\"\/><\/figure>\n\n\n\n<p>(Fotos Andrea Clem)<\/p>\n","protected":false},"excerpt":{"rendered":"<p>von Georg B\u00fcchner Julie \/ Danton : Nina C. GABRIELMarion \/ Saint-Just :Judith RICHTERLucile \/ Camille : Petra STADUANRobespierre : Isabella WOLF Ko-Regie&nbsp;mit Anna Maria KRASSNIGG Raum :&nbsp;Andreas LUNGENSCHMIDKost\u00fcm :&nbsp;Antoaneta STEREVAMusik :&nbsp;Christian MAIRLichtdesign : Lukas KALTENB\u00c4CKMaske : Henriette ZW\u00d6LFERB\u00fchnenmeister : Christoph W\u00d6FLINGSEDERDramaturgie: Marie-Therese HANDLE-PFEIFFER Premiere am 17. September 2021, Kasematten Wiener Neustadt (AT) (Fotos Andrea [&hellip;]<\/p>\n","protected":false},"author":1,"featured_media":0,"parent":2,"menu_order":18,"comment_status":"closed","ping_status":"closed","template":"","meta":{"footnotes":""},"class_list":["post-2118","page","type-page","status-publish","hentry"],"_links":{"self":[{"href":"http:\/\/www.jeromejunod.ch\/index.php?rest_route=\/wp\/v2\/pages\/2118","targetHints":{"allow":["GET"]}}],"collection":[{"href":"http:\/\/www.jeromejunod.ch\/index.php?rest_route=\/wp\/v2\/pages"}],"about":[{"href":"http:\/\/www.jeromejunod.ch\/index.php?rest_route=\/wp\/v2\/types\/page"}],"author":[{"embeddable":true,"href":"http:\/\/www.jeromejunod.ch\/index.php?rest_route=\/wp\/v2\/users\/1"}],"replies":[{"embeddable":true,"href":"http:\/\/www.jeromejunod.ch\/index.php?rest_route=%2Fwp%2Fv2%2Fcomments&post=2118"}],"version-history":[{"count":2,"href":"http:\/\/www.jeromejunod.ch\/index.php?rest_route=\/wp\/v2\/pages\/2118\/revisions"}],"predecessor-version":[{"id":2120,"href":"http:\/\/www.jeromejunod.ch\/index.php?rest_route=\/wp\/v2\/pages\/2118\/revisions\/2120"}],"up":[{"embeddable":true,"href":"http:\/\/www.jeromejunod.ch\/index.php?rest_route=\/wp\/v2\/pages\/2"}],"wp:attachment":[{"href":"http:\/\/www.jeromejunod.ch\/index.php?rest_route=%2Fwp%2Fv2%2Fmedia&parent=2118"}],"curies":[{"name":"wp","href":"https:\/\/api.w.org\/{rel}","templated":true}]}}