{"id":203,"date":"2013-09-28T18:20:27","date_gmt":"2013-09-28T18:20:27","guid":{"rendered":"http:\/\/www.jeromejunod.ch\/?page_id=203"},"modified":"2021-09-19T18:07:04","modified_gmt":"2021-09-19T18:07:04","slug":"atteintes-a-sa-vie","status":"publish","type":"page","link":"http:\/\/www.jeromejunod.ch\/?page_id=203","title":{"rendered":"Atteintes \u00e0 sa vie"},"content":{"rendered":"<p>de Martin Crimp<\/p>\n<p><em>Avec:<\/em> Olivia CSIKY-TRNKA<br \/>\n<em>Et<\/em>:\u00a0 Mathieu ZIEGLER<\/p>\n<p><em>Sc\u00e9nographie<\/em>: Ga\u00ebl COCHAND<br \/>\n<em>Lumi\u00e8re<\/em>: Michel JENZER \/ Renato CAMPORA<\/p>\n<p>Premi\u00e8re: Mai 2010, Th\u00e9\u00e2tre de l&#8217;Usine, Gen\u00e8ve<\/p>\n<p><a title=\"Trailer Atteintes \u00e0 sa vie\" href=\"http:\/\/www.youtube.com\/watch?v=48OLvvdilrU\" target=\"_blank\" rel=\"noopener\">Trailer<\/a><\/p>\n<p><a href=\"http:\/\/www.jeromejunod.ch\/wordpress\/wp-content\/uploads\/2013\/09\/AtteintesChore\u0301o.jpg\"><img loading=\"lazy\" decoding=\"async\" class=\"alignnone wp-image-706 size-large\" src=\"http:\/\/www.jeromejunod.ch\/wordpress\/wp-content\/uploads\/2013\/09\/AtteintesChore\u0301o-1024x682.jpg\" alt=\"ATTEINTES A SA VIE - un spectacle de J\u008er\u0099me Junod\/Cie Les D\u008ebiteurs.  Avec Olivia Csiky-Trnka et Mathieu Ziegler Th\u008e\u0089tre de l'Usine, Gen\u008fve, le 11 mai 2010 \u00a9 Doroth\u008ee Th\u008ebert Filliger\" width=\"604\" height=\"402\" srcset=\"http:\/\/www.jeromejunod.ch\/wordpress\/wp-content\/uploads\/2013\/09\/AtteintesChore\u0301o-1024x682.jpg 1024w, http:\/\/www.jeromejunod.ch\/wordpress\/wp-content\/uploads\/2013\/09\/AtteintesChore\u0301o-300x200.jpg 300w\" sizes=\"auto, (max-width: 604px) 100vw, 604px\" \/><\/a><\/p>\n<p><a href=\"http:\/\/www.jeromejunod.ch\/wordpress\/wp-content\/uploads\/2013\/09\/AtteintesMamanPapa.jpg\"><img loading=\"lazy\" decoding=\"async\" class=\"alignnone wp-image-707 size-large\" src=\"http:\/\/www.jeromejunod.ch\/wordpress\/wp-content\/uploads\/2013\/09\/AtteintesMamanPapa-1024x682.jpg\" alt=\"ATTEINTES A SA VIE - un spectacle de J\u008er\u0099me Junod\/Cie Les D\u008ebiteurs.  Avec Olivia Csiky-Trnka et Mathieu Ziegler Th\u008e\u0089tre de l'Usine, Gen\u008fve, le 11 mai 2010 \u00a9 Doroth\u008ee Th\u008ebert Filliger\" width=\"604\" height=\"402\" srcset=\"http:\/\/www.jeromejunod.ch\/wordpress\/wp-content\/uploads\/2013\/09\/AtteintesMamanPapa-1024x682.jpg 1024w, http:\/\/www.jeromejunod.ch\/wordpress\/wp-content\/uploads\/2013\/09\/AtteintesMamanPapa-300x200.jpg 300w\" sizes=\"auto, (max-width: 604px) 100vw, 604px\" \/><\/a><\/p>\n<p><a href=\"http:\/\/www.jeromejunod.ch\/wordpress\/wp-content\/uploads\/2013\/09\/AtteintesNouvelleAnnie.jpg\"><img loading=\"lazy\" decoding=\"async\" class=\"alignnone wp-image-709 size-large\" src=\"http:\/\/www.jeromejunod.ch\/wordpress\/wp-content\/uploads\/2013\/09\/AtteintesNouvelleAnnie-1024x682.jpg\" alt=\"ATTEINTES A SA VIE - un spectacle de J\u008er\u0099me Junod\/Cie Les D\u008ebiteurs.  Avec Olivia Csiky-Trnka et Mathieu Ziegler Th\u008e\u0089tre de l'Usine, Gen\u008fve, le 11 mai 2010 \u00a9 Doroth\u008ee Th\u008ebert Filliger\" width=\"604\" height=\"402\" srcset=\"http:\/\/www.jeromejunod.ch\/wordpress\/wp-content\/uploads\/2013\/09\/AtteintesNouvelleAnnie-1024x682.jpg 1024w, http:\/\/www.jeromejunod.ch\/wordpress\/wp-content\/uploads\/2013\/09\/AtteintesNouvelleAnnie-300x200.jpg 300w\" sizes=\"auto, (max-width: 604px) 100vw, 604px\" \/><\/a><\/p>\n<p><a href=\"http:\/\/www.jeromejunod.ch\/wordpress\/wp-content\/uploads\/2013\/09\/AtteintesGirlNextDoor.jpg\"><img loading=\"lazy\" decoding=\"async\" class=\"alignnone wp-image-712 size-large\" src=\"http:\/\/www.jeromejunod.ch\/wordpress\/wp-content\/uploads\/2013\/09\/AtteintesGirlNextDoor-1024x682.jpg\" alt=\"ATTEINTES A SA VIE - un spectacle de J\u008er\u0099me Junod\/Cie Les D\u008ebiteurs.  Avec Olivia Csiky-Trnka et Mathieu Ziegler Th\u008e\u0089tre de l'Usine, Gen\u008fve, le 11 mai 2010 \u00a9 Doroth\u008ee Th\u008ebert Filliger\" width=\"604\" height=\"402\" srcset=\"http:\/\/www.jeromejunod.ch\/wordpress\/wp-content\/uploads\/2013\/09\/AtteintesGirlNextDoor-1024x682.jpg 1024w, http:\/\/www.jeromejunod.ch\/wordpress\/wp-content\/uploads\/2013\/09\/AtteintesGirlNextDoor-300x200.jpg 300w\" sizes=\"auto, (max-width: 604px) 100vw, 604px\" \/><\/a><\/p>\n<p><a href=\"http:\/\/www.jeromejunod.ch\/wordpress\/wp-content\/uploads\/2013\/09\/AtteintesPluto\u0302tDro\u0302le.jpg\"><img loading=\"lazy\" decoding=\"async\" class=\"alignnone wp-image-710 size-large\" src=\"http:\/\/www.jeromejunod.ch\/wordpress\/wp-content\/uploads\/2013\/09\/AtteintesPluto\u0302tDro\u0302le-1024x682.jpg\" alt=\"ATTEINTES A SA VIE - un spectacle de J\u008er\u0099me Junod\/Cie Les D\u008ebiteurs.  Avec Olivia Csiky-Trnka et Mathieu Ziegler Th\u008e\u0089tre de l'Usine, Gen\u008fve, le 11 mai 2010 \u00a9 Doroth\u008ee Th\u008ebert Filliger\" width=\"604\" height=\"402\" srcset=\"http:\/\/www.jeromejunod.ch\/wordpress\/wp-content\/uploads\/2013\/09\/AtteintesPluto\u0302tDro\u0302le-1024x682.jpg 1024w, http:\/\/www.jeromejunod.ch\/wordpress\/wp-content\/uploads\/2013\/09\/AtteintesPluto\u0302tDro\u0302le-300x200.jpg 300w\" sizes=\"auto, (max-width: 604px) 100vw, 604px\" \/><\/a><\/p>\n<p style=\"text-align: right;\"><a href=\"http:\/\/www.jeromejunod.ch\/wordpress\/wp-content\/uploads\/2013\/09\/AtteintesEtrange.jpg\"><img loading=\"lazy\" decoding=\"async\" class=\"alignnone wp-image-711 size-large\" src=\"http:\/\/www.jeromejunod.ch\/wordpress\/wp-content\/uploads\/2013\/09\/AtteintesEtrange-1024x682.jpg\" alt=\"ATTEINTES A SA VIE - un spectacle de J\u008er\u0099me Junod\/Cie Les D\u008ebiteurs.  Avec Olivia Csiky-Trnka et Mathieu Ziegler Th\u008e\u0089tre de l'Usine, Gen\u008fve, le 11 mai 2010 \u00a9 Doroth\u008ee Th\u008ebert Filliger\" width=\"604\" height=\"402\" srcset=\"http:\/\/www.jeromejunod.ch\/wordpress\/wp-content\/uploads\/2013\/09\/AtteintesEtrange-1024x682.jpg 1024w, http:\/\/www.jeromejunod.ch\/wordpress\/wp-content\/uploads\/2013\/09\/AtteintesEtrange-300x200.jpg 300w\" sizes=\"auto, (max-width: 604px) 100vw, 604px\" \/><\/a>(Photos Doroth\u00e9e Th\u00e9bert Filliger)<\/p>\n<p style=\"text-align: center;\">\n","protected":false},"excerpt":{"rendered":"<p>de Martin Crimp Avec: Olivia CSIKY-TRNKA Et:\u00a0 Mathieu ZIEGLER Sc\u00e9nographie: Ga\u00ebl COCHAND Lumi\u00e8re: Michel JENZER \/ Renato CAMPORA Premi\u00e8re: Mai 2010, Th\u00e9\u00e2tre de l&#8217;Usine, Gen\u00e8ve Trailer (Photos Doroth\u00e9e Th\u00e9bert Filliger)<\/p>\n","protected":false},"author":1,"featured_media":0,"parent":2,"menu_order":35,"comment_status":"closed","ping_status":"closed","template":"","meta":{"footnotes":""},"class_list":["post-203","page","type-page","status-publish","hentry"],"_links":{"self":[{"href":"http:\/\/www.jeromejunod.ch\/index.php?rest_route=\/wp\/v2\/pages\/203","targetHints":{"allow":["GET"]}}],"collection":[{"href":"http:\/\/www.jeromejunod.ch\/index.php?rest_route=\/wp\/v2\/pages"}],"about":[{"href":"http:\/\/www.jeromejunod.ch\/index.php?rest_route=\/wp\/v2\/types\/page"}],"author":[{"embeddable":true,"href":"http:\/\/www.jeromejunod.ch\/index.php?rest_route=\/wp\/v2\/users\/1"}],"replies":[{"embeddable":true,"href":"http:\/\/www.jeromejunod.ch\/index.php?rest_route=%2Fwp%2Fv2%2Fcomments&post=203"}],"version-history":[{"count":10,"href":"http:\/\/www.jeromejunod.ch\/index.php?rest_route=\/wp\/v2\/pages\/203\/revisions"}],"predecessor-version":[{"id":2108,"href":"http:\/\/www.jeromejunod.ch\/index.php?rest_route=\/wp\/v2\/pages\/203\/revisions\/2108"}],"up":[{"embeddable":true,"href":"http:\/\/www.jeromejunod.ch\/index.php?rest_route=\/wp\/v2\/pages\/2"}],"wp:attachment":[{"href":"http:\/\/www.jeromejunod.ch\/index.php?rest_route=%2Fwp%2Fv2%2Fmedia&parent=203"}],"curies":[{"name":"wp","href":"https:\/\/api.w.org\/{rel}","templated":true}]}}