{"id":1992,"date":"2021-03-01T05:34:49","date_gmt":"2021-03-01T05:34:49","guid":{"rendered":"http:\/\/www.jeromejunod.ch\/?page_id=1992"},"modified":"2021-09-19T18:08:28","modified_gmt":"2021-09-19T18:08:28","slug":"marie-stuart","status":"publish","type":"page","link":"http:\/\/www.jeromejunod.ch\/?page_id=1992","title":{"rendered":"Marie Stuart"},"content":{"rendered":"\n<p>de Friedrich Schiller<br>traduction de J\u00e9r\u00f4me Junod<br><br><em>Elisabeth \/ Kennedy \/ O&#8217;Kelly<\/em> : Anne-Catherine SAVOY<br><em>Marie Stuart<\/em> <em>\/ Shrewsbury<\/em> : Petra STADUAN<br><em>Mortimer \/ Burleigh<\/em> : Rapha\u00ebl VACHOUX<br><em>Leicester \/ Paulet \/ Davison <\/em>: Mathieu ZIEGLER<br><br>Sc\u00e9nographie: Claire PEVERELLI<br>Costumes: V\u00e9ronica SEGOVIA<br>Lumi\u00e8res: Michel JENZER<br>Musique: Bernhard EDER<br>Communication: Sandrine GALTIER GAUTHEY<br>R\u00e9gie: Sophia MEYER<br>R\u00e9alisations m\u00e9talliques: Jo\u00ebl BELLARDI<br>Renfort costumes: Samantha LANDRAGIN<br>Conseil maquillage: Nathalie MONOD<\/p>\n\n\n\n<p>Premi\u00e8re le 2 mars 2021 \u00e0 la Grange de Dorigny (annul\u00e9e pour cause de Covid-19)<\/p>\n\n\n\n<p><a href=\"https:\/\/www.youtube.com\/watch?v=z87n0vrC8KI\" target=\"_blank\" rel=\"noreferrer noopener\">Trailer<\/a><\/p>\n\n\n\n<figure class=\"wp-block-image size-large\"><img loading=\"lazy\" decoding=\"async\" width=\"1024\" height=\"576\" src=\"http:\/\/www.jeromejunod.ch\/wordpress\/wp-content\/uploads\/2021\/03\/MARIE-STUART-18-1024x576.jpg\" alt=\"\" class=\"wp-image-2014\" srcset=\"http:\/\/www.jeromejunod.ch\/wordpress\/wp-content\/uploads\/2021\/03\/MARIE-STUART-18-1024x576.jpg 1024w, http:\/\/www.jeromejunod.ch\/wordpress\/wp-content\/uploads\/2021\/03\/MARIE-STUART-18-300x169.jpg 300w, http:\/\/www.jeromejunod.ch\/wordpress\/wp-content\/uploads\/2021\/03\/MARIE-STUART-18-768x432.jpg 768w, http:\/\/www.jeromejunod.ch\/wordpress\/wp-content\/uploads\/2021\/03\/MARIE-STUART-18-1536x864.jpg 1536w, http:\/\/www.jeromejunod.ch\/wordpress\/wp-content\/uploads\/2021\/03\/MARIE-STUART-18-2048x1152.jpg 2048w, http:\/\/www.jeromejunod.ch\/wordpress\/wp-content\/uploads\/2021\/03\/MARIE-STUART-18-1320x742.jpg 1320w\" sizes=\"auto, (max-width: 1024px) 100vw, 1024px\" \/><\/figure>\n\n\n\n<figure class=\"wp-block-image size-large\"><img loading=\"lazy\" decoding=\"async\" width=\"1024\" height=\"576\" src=\"http:\/\/www.jeromejunod.ch\/wordpress\/wp-content\/uploads\/2021\/03\/MARIE-STUART-9-1024x576.jpg\" alt=\"\" class=\"wp-image-2026\" srcset=\"http:\/\/www.jeromejunod.ch\/wordpress\/wp-content\/uploads\/2021\/03\/MARIE-STUART-9-1024x576.jpg 1024w, http:\/\/www.jeromejunod.ch\/wordpress\/wp-content\/uploads\/2021\/03\/MARIE-STUART-9-300x169.jpg 300w, http:\/\/www.jeromejunod.ch\/wordpress\/wp-content\/uploads\/2021\/03\/MARIE-STUART-9-768x432.jpg 768w, http:\/\/www.jeromejunod.ch\/wordpress\/wp-content\/uploads\/2021\/03\/MARIE-STUART-9-1536x864.jpg 1536w, http:\/\/www.jeromejunod.ch\/wordpress\/wp-content\/uploads\/2021\/03\/MARIE-STUART-9-2048x1152.jpg 2048w, http:\/\/www.jeromejunod.ch\/wordpress\/wp-content\/uploads\/2021\/03\/MARIE-STUART-9-1320x742.jpg 1320w\" sizes=\"auto, (max-width: 1024px) 100vw, 1024px\" \/><\/figure>\n\n\n\n<figure class=\"wp-block-image size-large\"><img loading=\"lazy\" decoding=\"async\" width=\"1024\" height=\"576\" src=\"http:\/\/www.jeromejunod.ch\/wordpress\/wp-content\/uploads\/2021\/03\/MARIE-STUART-83-1024x576.jpg\" alt=\"\" class=\"wp-image-2021\" srcset=\"http:\/\/www.jeromejunod.ch\/wordpress\/wp-content\/uploads\/2021\/03\/MARIE-STUART-83-1024x576.jpg 1024w, http:\/\/www.jeromejunod.ch\/wordpress\/wp-content\/uploads\/2021\/03\/MARIE-STUART-83-300x169.jpg 300w, http:\/\/www.jeromejunod.ch\/wordpress\/wp-content\/uploads\/2021\/03\/MARIE-STUART-83-768x432.jpg 768w, http:\/\/www.jeromejunod.ch\/wordpress\/wp-content\/uploads\/2021\/03\/MARIE-STUART-83-1536x864.jpg 1536w, http:\/\/www.jeromejunod.ch\/wordpress\/wp-content\/uploads\/2021\/03\/MARIE-STUART-83-2048x1152.jpg 2048w, http:\/\/www.jeromejunod.ch\/wordpress\/wp-content\/uploads\/2021\/03\/MARIE-STUART-83-1320x742.jpg 1320w\" sizes=\"auto, (max-width: 1024px) 100vw, 1024px\" \/><\/figure>\n\n\n\n<figure class=\"wp-block-image size-large\"><img loading=\"lazy\" decoding=\"async\" width=\"1024\" height=\"662\" src=\"http:\/\/www.jeromejunod.ch\/wordpress\/wp-content\/uploads\/2021\/03\/MARIE-STUART-44-1024x662.jpg\" alt=\"\" class=\"wp-image-2017\" srcset=\"http:\/\/www.jeromejunod.ch\/wordpress\/wp-content\/uploads\/2021\/03\/MARIE-STUART-44-1024x662.jpg 1024w, http:\/\/www.jeromejunod.ch\/wordpress\/wp-content\/uploads\/2021\/03\/MARIE-STUART-44-300x194.jpg 300w, http:\/\/www.jeromejunod.ch\/wordpress\/wp-content\/uploads\/2021\/03\/MARIE-STUART-44-768x497.jpg 768w, http:\/\/www.jeromejunod.ch\/wordpress\/wp-content\/uploads\/2021\/03\/MARIE-STUART-44-1536x993.jpg 1536w, http:\/\/www.jeromejunod.ch\/wordpress\/wp-content\/uploads\/2021\/03\/MARIE-STUART-44-2048x1324.jpg 2048w, http:\/\/www.jeromejunod.ch\/wordpress\/wp-content\/uploads\/2021\/03\/MARIE-STUART-44-1320x853.jpg 1320w\" sizes=\"auto, (max-width: 1024px) 100vw, 1024px\" \/><\/figure>\n\n\n\n<figure class=\"wp-block-image size-large\"><img loading=\"lazy\" decoding=\"async\" width=\"1024\" height=\"576\" src=\"http:\/\/www.jeromejunod.ch\/wordpress\/wp-content\/uploads\/2021\/03\/MARIE-STUART-19-1024x576.jpg\" alt=\"\" class=\"wp-image-2028\" srcset=\"http:\/\/www.jeromejunod.ch\/wordpress\/wp-content\/uploads\/2021\/03\/MARIE-STUART-19-1024x576.jpg 1024w, http:\/\/www.jeromejunod.ch\/wordpress\/wp-content\/uploads\/2021\/03\/MARIE-STUART-19-300x169.jpg 300w, http:\/\/www.jeromejunod.ch\/wordpress\/wp-content\/uploads\/2021\/03\/MARIE-STUART-19-768x432.jpg 768w, http:\/\/www.jeromejunod.ch\/wordpress\/wp-content\/uploads\/2021\/03\/MARIE-STUART-19-1536x864.jpg 1536w, http:\/\/www.jeromejunod.ch\/wordpress\/wp-content\/uploads\/2021\/03\/MARIE-STUART-19-2048x1152.jpg 2048w, http:\/\/www.jeromejunod.ch\/wordpress\/wp-content\/uploads\/2021\/03\/MARIE-STUART-19-1320x742.jpg 1320w\" sizes=\"auto, (max-width: 1024px) 100vw, 1024px\" \/><\/figure>\n\n\n\n<figure class=\"wp-block-image size-large\"><img loading=\"lazy\" decoding=\"async\" width=\"1024\" height=\"576\" src=\"http:\/\/www.jeromejunod.ch\/wordpress\/wp-content\/uploads\/2021\/03\/MARIE-STUART-34-1024x576.jpg\" alt=\"\" class=\"wp-image-2016\" srcset=\"http:\/\/www.jeromejunod.ch\/wordpress\/wp-content\/uploads\/2021\/03\/MARIE-STUART-34-1024x576.jpg 1024w, http:\/\/www.jeromejunod.ch\/wordpress\/wp-content\/uploads\/2021\/03\/MARIE-STUART-34-300x169.jpg 300w, http:\/\/www.jeromejunod.ch\/wordpress\/wp-content\/uploads\/2021\/03\/MARIE-STUART-34-768x432.jpg 768w, http:\/\/www.jeromejunod.ch\/wordpress\/wp-content\/uploads\/2021\/03\/MARIE-STUART-34-1536x864.jpg 1536w, http:\/\/www.jeromejunod.ch\/wordpress\/wp-content\/uploads\/2021\/03\/MARIE-STUART-34-2048x1152.jpg 2048w, http:\/\/www.jeromejunod.ch\/wordpress\/wp-content\/uploads\/2021\/03\/MARIE-STUART-34-1320x742.jpg 1320w\" sizes=\"auto, (max-width: 1024px) 100vw, 1024px\" \/><\/figure>\n\n\n\n<figure class=\"wp-block-image size-large\"><img loading=\"lazy\" decoding=\"async\" width=\"1024\" height=\"687\" src=\"http:\/\/www.jeromejunod.ch\/wordpress\/wp-content\/uploads\/2021\/03\/MARIE-STUART-58-1024x687.jpg\" alt=\"\" class=\"wp-image-2018\" srcset=\"http:\/\/www.jeromejunod.ch\/wordpress\/wp-content\/uploads\/2021\/03\/MARIE-STUART-58-1024x687.jpg 1024w, http:\/\/www.jeromejunod.ch\/wordpress\/wp-content\/uploads\/2021\/03\/MARIE-STUART-58-300x201.jpg 300w, http:\/\/www.jeromejunod.ch\/wordpress\/wp-content\/uploads\/2021\/03\/MARIE-STUART-58-768x515.jpg 768w, http:\/\/www.jeromejunod.ch\/wordpress\/wp-content\/uploads\/2021\/03\/MARIE-STUART-58-1536x1030.jpg 1536w, http:\/\/www.jeromejunod.ch\/wordpress\/wp-content\/uploads\/2021\/03\/MARIE-STUART-58-2048x1373.jpg 2048w, http:\/\/www.jeromejunod.ch\/wordpress\/wp-content\/uploads\/2021\/03\/MARIE-STUART-58-1320x885.jpg 1320w\" sizes=\"auto, (max-width: 1024px) 100vw, 1024px\" \/><\/figure>\n\n\n\n<figure class=\"wp-block-image size-large\"><img loading=\"lazy\" decoding=\"async\" width=\"1024\" height=\"576\" src=\"http:\/\/www.jeromejunod.ch\/wordpress\/wp-content\/uploads\/2021\/03\/MARIE-STUART-80-1024x576.jpg\" alt=\"\" class=\"wp-image-2020\" srcset=\"http:\/\/www.jeromejunod.ch\/wordpress\/wp-content\/uploads\/2021\/03\/MARIE-STUART-80-1024x576.jpg 1024w, http:\/\/www.jeromejunod.ch\/wordpress\/wp-content\/uploads\/2021\/03\/MARIE-STUART-80-300x169.jpg 300w, http:\/\/www.jeromejunod.ch\/wordpress\/wp-content\/uploads\/2021\/03\/MARIE-STUART-80-768x432.jpg 768w, http:\/\/www.jeromejunod.ch\/wordpress\/wp-content\/uploads\/2021\/03\/MARIE-STUART-80-1536x864.jpg 1536w, http:\/\/www.jeromejunod.ch\/wordpress\/wp-content\/uploads\/2021\/03\/MARIE-STUART-80-2048x1152.jpg 2048w, http:\/\/www.jeromejunod.ch\/wordpress\/wp-content\/uploads\/2021\/03\/MARIE-STUART-80-1320x742.jpg 1320w\" sizes=\"auto, (max-width: 1024px) 100vw, 1024px\" \/><\/figure>\n\n\n\n<figure class=\"wp-block-image size-large\"><img loading=\"lazy\" decoding=\"async\" width=\"1024\" height=\"576\" src=\"http:\/\/www.jeromejunod.ch\/wordpress\/wp-content\/uploads\/2021\/03\/MARIE-STUART-90-1024x576.jpg\" alt=\"\" class=\"wp-image-2025\" srcset=\"http:\/\/www.jeromejunod.ch\/wordpress\/wp-content\/uploads\/2021\/03\/MARIE-STUART-90-1024x576.jpg 1024w, http:\/\/www.jeromejunod.ch\/wordpress\/wp-content\/uploads\/2021\/03\/MARIE-STUART-90-300x169.jpg 300w, http:\/\/www.jeromejunod.ch\/wordpress\/wp-content\/uploads\/2021\/03\/MARIE-STUART-90-768x432.jpg 768w, http:\/\/www.jeromejunod.ch\/wordpress\/wp-content\/uploads\/2021\/03\/MARIE-STUART-90-1536x864.jpg 1536w, http:\/\/www.jeromejunod.ch\/wordpress\/wp-content\/uploads\/2021\/03\/MARIE-STUART-90-2048x1152.jpg 2048w, http:\/\/www.jeromejunod.ch\/wordpress\/wp-content\/uploads\/2021\/03\/MARIE-STUART-90-1320x742.jpg 1320w\" sizes=\"auto, (max-width: 1024px) 100vw, 1024px\" \/><\/figure>\n\n\n\n<figure class=\"wp-block-image size-large\"><img loading=\"lazy\" decoding=\"async\" width=\"1024\" height=\"576\" src=\"http:\/\/www.jeromejunod.ch\/wordpress\/wp-content\/uploads\/2021\/03\/MARIE-STUART-88-1024x576.jpg\" alt=\"\" class=\"wp-image-2022\" srcset=\"http:\/\/www.jeromejunod.ch\/wordpress\/wp-content\/uploads\/2021\/03\/MARIE-STUART-88-1024x576.jpg 1024w, http:\/\/www.jeromejunod.ch\/wordpress\/wp-content\/uploads\/2021\/03\/MARIE-STUART-88-300x169.jpg 300w, http:\/\/www.jeromejunod.ch\/wordpress\/wp-content\/uploads\/2021\/03\/MARIE-STUART-88-768x432.jpg 768w, http:\/\/www.jeromejunod.ch\/wordpress\/wp-content\/uploads\/2021\/03\/MARIE-STUART-88-1536x864.jpg 1536w, http:\/\/www.jeromejunod.ch\/wordpress\/wp-content\/uploads\/2021\/03\/MARIE-STUART-88-2048x1152.jpg 2048w, http:\/\/www.jeromejunod.ch\/wordpress\/wp-content\/uploads\/2021\/03\/MARIE-STUART-88-1320x742.jpg 1320w\" sizes=\"auto, (max-width: 1024px) 100vw, 1024px\" \/><\/figure>\n\n\n\n<figure class=\"wp-block-image size-large\"><img loading=\"lazy\" decoding=\"async\" width=\"1024\" height=\"576\" src=\"http:\/\/www.jeromejunod.ch\/wordpress\/wp-content\/uploads\/2021\/03\/MARIE-STUART-94-1024x576.jpg\" alt=\"\" class=\"wp-image-2023\" srcset=\"http:\/\/www.jeromejunod.ch\/wordpress\/wp-content\/uploads\/2021\/03\/MARIE-STUART-94-1024x576.jpg 1024w, http:\/\/www.jeromejunod.ch\/wordpress\/wp-content\/uploads\/2021\/03\/MARIE-STUART-94-300x169.jpg 300w, http:\/\/www.jeromejunod.ch\/wordpress\/wp-content\/uploads\/2021\/03\/MARIE-STUART-94-768x432.jpg 768w, http:\/\/www.jeromejunod.ch\/wordpress\/wp-content\/uploads\/2021\/03\/MARIE-STUART-94-1536x864.jpg 1536w, http:\/\/www.jeromejunod.ch\/wordpress\/wp-content\/uploads\/2021\/03\/MARIE-STUART-94-2048x1152.jpg 2048w, http:\/\/www.jeromejunod.ch\/wordpress\/wp-content\/uploads\/2021\/03\/MARIE-STUART-94-1320x742.jpg 1320w\" sizes=\"auto, (max-width: 1024px) 100vw, 1024px\" \/><\/figure>\n\n\n\n<figure class=\"wp-block-image size-large\"><img loading=\"lazy\" decoding=\"async\" width=\"1024\" height=\"697\" src=\"http:\/\/www.jeromejunod.ch\/wordpress\/wp-content\/uploads\/2021\/03\/MARIE-STUART-79-1024x697.jpg\" alt=\"\" class=\"wp-image-2029\" srcset=\"http:\/\/www.jeromejunod.ch\/wordpress\/wp-content\/uploads\/2021\/03\/MARIE-STUART-79-1024x697.jpg 1024w, http:\/\/www.jeromejunod.ch\/wordpress\/wp-content\/uploads\/2021\/03\/MARIE-STUART-79-300x204.jpg 300w, http:\/\/www.jeromejunod.ch\/wordpress\/wp-content\/uploads\/2021\/03\/MARIE-STUART-79-768x523.jpg 768w, http:\/\/www.jeromejunod.ch\/wordpress\/wp-content\/uploads\/2021\/03\/MARIE-STUART-79-1536x1046.jpg 1536w, http:\/\/www.jeromejunod.ch\/wordpress\/wp-content\/uploads\/2021\/03\/MARIE-STUART-79-2048x1395.jpg 2048w, http:\/\/www.jeromejunod.ch\/wordpress\/wp-content\/uploads\/2021\/03\/MARIE-STUART-79-1320x899.jpg 1320w\" sizes=\"auto, (max-width: 1024px) 100vw, 1024px\" \/><\/figure>\n\n\n\n<figure class=\"wp-block-image size-large\"><img loading=\"lazy\" decoding=\"async\" width=\"1024\" height=\"623\" src=\"http:\/\/www.jeromejunod.ch\/wordpress\/wp-content\/uploads\/2021\/03\/MARIE-STUART-54-1024x623.jpg\" alt=\"\" class=\"wp-image-2027\" srcset=\"http:\/\/www.jeromejunod.ch\/wordpress\/wp-content\/uploads\/2021\/03\/MARIE-STUART-54-1024x623.jpg 1024w, http:\/\/www.jeromejunod.ch\/wordpress\/wp-content\/uploads\/2021\/03\/MARIE-STUART-54-300x182.jpg 300w, http:\/\/www.jeromejunod.ch\/wordpress\/wp-content\/uploads\/2021\/03\/MARIE-STUART-54-768x467.jpg 768w, http:\/\/www.jeromejunod.ch\/wordpress\/wp-content\/uploads\/2021\/03\/MARIE-STUART-54-1536x934.jpg 1536w, http:\/\/www.jeromejunod.ch\/wordpress\/wp-content\/uploads\/2021\/03\/MARIE-STUART-54-2048x1246.jpg 2048w, http:\/\/www.jeromejunod.ch\/wordpress\/wp-content\/uploads\/2021\/03\/MARIE-STUART-54-1320x803.jpg 1320w\" sizes=\"auto, (max-width: 1024px) 100vw, 1024px\" \/><\/figure>\n\n\n\n<p>(Photos Ariane Catton)<\/p>\n","protected":false},"excerpt":{"rendered":"<p>de Friedrich Schillertraduction de J\u00e9r\u00f4me Junod Elisabeth \/ Kennedy \/ O&#8217;Kelly : Anne-Catherine SAVOYMarie Stuart \/ Shrewsbury : Petra STADUANMortimer \/ Burleigh : Rapha\u00ebl VACHOUXLeicester \/ Paulet \/ Davison : Mathieu ZIEGLER Sc\u00e9nographie: Claire PEVERELLICostumes: V\u00e9ronica SEGOVIALumi\u00e8res: Michel JENZERMusique: Bernhard EDERCommunication: Sandrine GALTIER GAUTHEYR\u00e9gie: Sophia MEYERR\u00e9alisations m\u00e9talliques: Jo\u00ebl BELLARDIRenfort costumes: Samantha LANDRAGINConseil maquillage: Nathalie MONOD [&hellip;]<\/p>\n","protected":false},"author":1,"featured_media":0,"parent":2,"menu_order":20,"comment_status":"closed","ping_status":"closed","template":"","meta":{"footnotes":""},"class_list":["post-1992","page","type-page","status-publish","hentry"],"_links":{"self":[{"href":"http:\/\/www.jeromejunod.ch\/index.php?rest_route=\/wp\/v2\/pages\/1992","targetHints":{"allow":["GET"]}}],"collection":[{"href":"http:\/\/www.jeromejunod.ch\/index.php?rest_route=\/wp\/v2\/pages"}],"about":[{"href":"http:\/\/www.jeromejunod.ch\/index.php?rest_route=\/wp\/v2\/types\/page"}],"author":[{"embeddable":true,"href":"http:\/\/www.jeromejunod.ch\/index.php?rest_route=\/wp\/v2\/users\/1"}],"replies":[{"embeddable":true,"href":"http:\/\/www.jeromejunod.ch\/index.php?rest_route=%2Fwp%2Fv2%2Fcomments&post=1992"}],"version-history":[{"count":7,"href":"http:\/\/www.jeromejunod.ch\/index.php?rest_route=\/wp\/v2\/pages\/1992\/revisions"}],"predecessor-version":[{"id":2053,"href":"http:\/\/www.jeromejunod.ch\/index.php?rest_route=\/wp\/v2\/pages\/1992\/revisions\/2053"}],"up":[{"embeddable":true,"href":"http:\/\/www.jeromejunod.ch\/index.php?rest_route=\/wp\/v2\/pages\/2"}],"wp:attachment":[{"href":"http:\/\/www.jeromejunod.ch\/index.php?rest_route=%2Fwp%2Fv2%2Fmedia&parent=1992"}],"curies":[{"name":"wp","href":"https:\/\/api.w.org\/{rel}","templated":true}]}}