{"id":1250,"date":"2017-05-30T09:53:35","date_gmt":"2017-05-30T09:53:35","guid":{"rendered":"http:\/\/www.jeromejunod.ch\/?page_id=1250"},"modified":"2021-09-19T18:08:02","modified_gmt":"2021-09-19T18:08:02","slug":"die-firma-dankt","status":"publish","type":"page","link":"http:\/\/www.jeromejunod.ch\/?page_id=1250","title":{"rendered":"Die Firma dankt"},"content":{"rendered":"<p>von Lutz H\u00fcbner (Mitarbeit Sarah Nemitz)<\/p>\n<p><em>Adam Krusenstern: <\/em>G\u00fcnter BAUMANN<br \/>\n<em>Ella Goldmann:<\/em> Barbara GRIMM<br \/>\n<em>John Hansen: <\/em>Jan-Philip Walter HEINZEL<br \/>\n<em>Sandor Mayer:<\/em> Tim MACKENBROCK<br \/>\n<em>Mayumi Selo<\/em>: Atina TAB\u00c9<\/p>\n<p><em>B\u00fchne &amp; Kost\u00fcme:<\/em> Nathalie LUTZ<br \/>\n<em>Sounddesign: <\/em>David LIPP<br \/>\n<em>Lightdesing:<\/em> Barono JUSTHEIM &amp; Alessandro PERGOLA<br \/>\n<em>Dramaturgie<\/em><em>:<\/em> Margrit SENGEBUSCH<br \/>\n<em>Assistenz:<\/em> Lea HEINZ-ERIAN<\/p>\n<p>Premiere am 6. Mai 2017, Theater Biel Solothurn<\/p>\n<p><a href=\"https:\/\/www.youtube.com\/watch?v=1nNoMcj9E8g\" target=\"_blank\" rel=\"noopener noreferrer\">Trailer<\/a><\/p>\n<p style=\"text-align: right;\"><a href=\"http:\/\/www.jeromejunod.ch\/wordpress\/wp-content\/uploads\/2015\/06\/Firma_dankt_2733_Web.jpg\"><img loading=\"lazy\" decoding=\"async\" class=\"alignnone size-large wp-image-1247\" src=\"http:\/\/www.jeromejunod.ch\/wordpress\/wp-content\/uploads\/2015\/06\/Firma_dankt_2733_Web-1024x683.jpg\" alt=\"\" width=\"604\" height=\"403\" srcset=\"http:\/\/www.jeromejunod.ch\/wordpress\/wp-content\/uploads\/2015\/06\/Firma_dankt_2733_Web-1024x683.jpg 1024w, http:\/\/www.jeromejunod.ch\/wordpress\/wp-content\/uploads\/2015\/06\/Firma_dankt_2733_Web-300x200.jpg 300w, http:\/\/www.jeromejunod.ch\/wordpress\/wp-content\/uploads\/2015\/06\/Firma_dankt_2733_Web-768x512.jpg 768w\" sizes=\"auto, (max-width: 604px) 100vw, 604px\" \/><\/a><a href=\"http:\/\/www.jeromejunod.ch\/wordpress\/wp-content\/uploads\/2015\/06\/Firma_dankt_7677_Web.jpg\"><img loading=\"lazy\" decoding=\"async\" class=\"alignnone size-large wp-image-1241\" src=\"http:\/\/www.jeromejunod.ch\/wordpress\/wp-content\/uploads\/2015\/06\/Firma_dankt_7677_Web-1024x683.jpg\" alt=\"\" width=\"604\" height=\"403\" srcset=\"http:\/\/www.jeromejunod.ch\/wordpress\/wp-content\/uploads\/2015\/06\/Firma_dankt_7677_Web-1024x683.jpg 1024w, http:\/\/www.jeromejunod.ch\/wordpress\/wp-content\/uploads\/2015\/06\/Firma_dankt_7677_Web-300x200.jpg 300w, http:\/\/www.jeromejunod.ch\/wordpress\/wp-content\/uploads\/2015\/06\/Firma_dankt_7677_Web-768x512.jpg 768w\" sizes=\"auto, (max-width: 604px) 100vw, 604px\" \/><\/a> <a href=\"http:\/\/www.jeromejunod.ch\/wordpress\/wp-content\/uploads\/2015\/06\/Firma_dankt_7528_Web.jpg\"><img loading=\"lazy\" decoding=\"async\" class=\"alignnone size-large wp-image-1240\" src=\"http:\/\/www.jeromejunod.ch\/wordpress\/wp-content\/uploads\/2015\/06\/Firma_dankt_7528_Web-1024x683.jpg\" alt=\"\" width=\"604\" height=\"403\" srcset=\"http:\/\/www.jeromejunod.ch\/wordpress\/wp-content\/uploads\/2015\/06\/Firma_dankt_7528_Web-1024x683.jpg 1024w, http:\/\/www.jeromejunod.ch\/wordpress\/wp-content\/uploads\/2015\/06\/Firma_dankt_7528_Web-300x200.jpg 300w, http:\/\/www.jeromejunod.ch\/wordpress\/wp-content\/uploads\/2015\/06\/Firma_dankt_7528_Web-768x512.jpg 768w\" sizes=\"auto, (max-width: 604px) 100vw, 604px\" \/><\/a> <a href=\"http:\/\/www.jeromejunod.ch\/wordpress\/wp-content\/uploads\/2015\/06\/Firma_dankt_2634_Web.jpg\"><img loading=\"lazy\" decoding=\"async\" class=\"alignnone size-large wp-image-1246\" src=\"http:\/\/www.jeromejunod.ch\/wordpress\/wp-content\/uploads\/2015\/06\/Firma_dankt_2634_Web-1024x683.jpg\" alt=\"\" width=\"604\" height=\"403\" srcset=\"http:\/\/www.jeromejunod.ch\/wordpress\/wp-content\/uploads\/2015\/06\/Firma_dankt_2634_Web-1024x683.jpg 1024w, http:\/\/www.jeromejunod.ch\/wordpress\/wp-content\/uploads\/2015\/06\/Firma_dankt_2634_Web-300x200.jpg 300w, http:\/\/www.jeromejunod.ch\/wordpress\/wp-content\/uploads\/2015\/06\/Firma_dankt_2634_Web-768x512.jpg 768w\" sizes=\"auto, (max-width: 604px) 100vw, 604px\" \/><\/a> <a href=\"http:\/\/www.jeromejunod.ch\/wordpress\/wp-content\/uploads\/2015\/06\/Firma_dankt_2575_Web.jpg\"><img loading=\"lazy\" decoding=\"async\" class=\"alignnone size-large wp-image-1245\" src=\"http:\/\/www.jeromejunod.ch\/wordpress\/wp-content\/uploads\/2015\/06\/Firma_dankt_2575_Web-1024x683.jpg\" alt=\"\" width=\"604\" height=\"403\" srcset=\"http:\/\/www.jeromejunod.ch\/wordpress\/wp-content\/uploads\/2015\/06\/Firma_dankt_2575_Web-1024x683.jpg 1024w, http:\/\/www.jeromejunod.ch\/wordpress\/wp-content\/uploads\/2015\/06\/Firma_dankt_2575_Web-300x200.jpg 300w, http:\/\/www.jeromejunod.ch\/wordpress\/wp-content\/uploads\/2015\/06\/Firma_dankt_2575_Web-768x512.jpg 768w\" sizes=\"auto, (max-width: 604px) 100vw, 604px\" \/><\/a> <a href=\"http:\/\/www.jeromejunod.ch\/wordpress\/wp-content\/uploads\/2015\/06\/Firma_dankt_2287_Web.jpg\"><img loading=\"lazy\" decoding=\"async\" class=\"alignnone size-large wp-image-1244\" src=\"http:\/\/www.jeromejunod.ch\/wordpress\/wp-content\/uploads\/2015\/06\/Firma_dankt_2287_Web-1024x683.jpg\" alt=\"\" width=\"604\" height=\"403\" srcset=\"http:\/\/www.jeromejunod.ch\/wordpress\/wp-content\/uploads\/2015\/06\/Firma_dankt_2287_Web-1024x683.jpg 1024w, http:\/\/www.jeromejunod.ch\/wordpress\/wp-content\/uploads\/2015\/06\/Firma_dankt_2287_Web-300x200.jpg 300w, http:\/\/www.jeromejunod.ch\/wordpress\/wp-content\/uploads\/2015\/06\/Firma_dankt_2287_Web-768x512.jpg 768w\" sizes=\"auto, (max-width: 604px) 100vw, 604px\" \/><\/a>\u00a0 <a href=\"http:\/\/www.jeromejunod.ch\/wordpress\/wp-content\/uploads\/2015\/06\/Firma_dankt_7884_Web.jpg\"><img loading=\"lazy\" decoding=\"async\" class=\"alignnone size-large wp-image-1242\" src=\"http:\/\/www.jeromejunod.ch\/wordpress\/wp-content\/uploads\/2015\/06\/Firma_dankt_7884_Web-1024x683.jpg\" alt=\"\" width=\"604\" height=\"403\" srcset=\"http:\/\/www.jeromejunod.ch\/wordpress\/wp-content\/uploads\/2015\/06\/Firma_dankt_7884_Web-1024x683.jpg 1024w, http:\/\/www.jeromejunod.ch\/wordpress\/wp-content\/uploads\/2015\/06\/Firma_dankt_7884_Web-300x200.jpg 300w, http:\/\/www.jeromejunod.ch\/wordpress\/wp-content\/uploads\/2015\/06\/Firma_dankt_7884_Web-768x512.jpg 768w\" sizes=\"auto, (max-width: 604px) 100vw, 604px\" \/><\/a><a href=\"http:\/\/www.jeromejunod.ch\/wordpress\/wp-content\/uploads\/2015\/06\/Firma_dankt_8223_Web.jpg\"><img loading=\"lazy\" decoding=\"async\" class=\"alignnone size-large wp-image-1243\" src=\"http:\/\/www.jeromejunod.ch\/wordpress\/wp-content\/uploads\/2015\/06\/Firma_dankt_8223_Web-1024x683.jpg\" alt=\"\" width=\"604\" height=\"403\" srcset=\"http:\/\/www.jeromejunod.ch\/wordpress\/wp-content\/uploads\/2015\/06\/Firma_dankt_8223_Web-1024x683.jpg 1024w, http:\/\/www.jeromejunod.ch\/wordpress\/wp-content\/uploads\/2015\/06\/Firma_dankt_8223_Web-300x200.jpg 300w, http:\/\/www.jeromejunod.ch\/wordpress\/wp-content\/uploads\/2015\/06\/Firma_dankt_8223_Web-768x512.jpg 768w\" sizes=\"auto, (max-width: 604px) 100vw, 604px\" \/><\/a>(Fotos Ilja Mess)<\/p>\n","protected":false},"excerpt":{"rendered":"<p>von Lutz H\u00fcbner (Mitarbeit Sarah Nemitz) Adam Krusenstern: G\u00fcnter BAUMANN Ella Goldmann: Barbara GRIMM John Hansen: Jan-Philip Walter HEINZEL Sandor Mayer: Tim MACKENBROCK Mayumi Selo: Atina TAB\u00c9 B\u00fchne &amp; Kost\u00fcme: Nathalie LUTZ Sounddesign: David LIPP Lightdesing: Barono JUSTHEIM &amp; Alessandro PERGOLA Dramaturgie: Margrit SENGEBUSCH Assistenz: Lea HEINZ-ERIAN Premiere am 6. Mai 2017, Theater Biel Solothurn [&hellip;]<\/p>\n","protected":false},"author":1,"featured_media":0,"parent":2,"menu_order":25,"comment_status":"closed","ping_status":"closed","template":"","meta":{"footnotes":""},"class_list":["post-1250","page","type-page","status-publish","hentry"],"_links":{"self":[{"href":"http:\/\/www.jeromejunod.ch\/index.php?rest_route=\/wp\/v2\/pages\/1250","targetHints":{"allow":["GET"]}}],"collection":[{"href":"http:\/\/www.jeromejunod.ch\/index.php?rest_route=\/wp\/v2\/pages"}],"about":[{"href":"http:\/\/www.jeromejunod.ch\/index.php?rest_route=\/wp\/v2\/types\/page"}],"author":[{"embeddable":true,"href":"http:\/\/www.jeromejunod.ch\/index.php?rest_route=\/wp\/v2\/users\/1"}],"replies":[{"embeddable":true,"href":"http:\/\/www.jeromejunod.ch\/index.php?rest_route=%2Fwp%2Fv2%2Fcomments&post=1250"}],"version-history":[{"count":3,"href":"http:\/\/www.jeromejunod.ch\/index.php?rest_route=\/wp\/v2\/pages\/1250\/revisions"}],"predecessor-version":[{"id":1259,"href":"http:\/\/www.jeromejunod.ch\/index.php?rest_route=\/wp\/v2\/pages\/1250\/revisions\/1259"}],"up":[{"embeddable":true,"href":"http:\/\/www.jeromejunod.ch\/index.php?rest_route=\/wp\/v2\/pages\/2"}],"wp:attachment":[{"href":"http:\/\/www.jeromejunod.ch\/index.php?rest_route=%2Fwp%2Fv2%2Fmedia&parent=1250"}],"curies":[{"name":"wp","href":"https:\/\/api.w.org\/{rel}","templated":true}]}}